{"id":16,"date":"2024-10-19T06:04:45","date_gmt":"2024-10-19T09:04:45","guid":{"rendered":"https:\/\/cep.galand.com.br\/?page_id=16"},"modified":"2024-10-26T18:51:04","modified_gmt":"2024-10-26T21:51:04","slug":"quem-somos","status":"publish","type":"page","link":"https:\/\/ceptelecom.com.br\/index.php\/quem-somos\/","title":{"rendered":"Quem somos"},"content":{"rendered":"\t\t<div data-elementor-type=\"wp-page\" data-elementor-id=\"16\" class=\"elementor elementor-16\">\n\t\t\t\t<div class=\"elementor-element elementor-element-5f9fa73 e-con-full e-flex e-con e-parent\" data-id=\"5f9fa73\" data-element_type=\"container\" data-settings=\"{&quot;background_background&quot;:&quot;classic&quot;}\">\n\t\t\t\t<div class=\"elementor-element elementor-element-5674d8e elementor-widget__width-initial elementor-widget elementor-widget-heading\" data-id=\"5674d8e\" data-element_type=\"widget\" data-widget_type=\"heading.default\">\n\t\t\t\t<div class=\"elementor-widget-container\">\n\t\t\t\t\t<h2 class=\"elementor-heading-title elementor-size-default\">Quem Somos<\/h2>\t\t\t\t<\/div>\n\t\t\t\t<\/div>\n\t\t\t\t<\/div>\n\t\t<div class=\"elementor-element elementor-element-1393881 e-con-full e-flex e-con e-parent\" data-id=\"1393881\" data-element_type=\"container\">\n\t\t<div class=\"elementor-element elementor-element-e780635 e-con-full e-flex e-con e-child\" data-id=\"e780635\" data-element_type=\"container\">\n\t\t\t\t<div class=\"elementor-element elementor-element-a2f3333 elementor-widget elementor-widget-heading\" data-id=\"a2f3333\" data-element_type=\"widget\" data-widget_type=\"heading.default\">\n\t\t\t\t<div class=\"elementor-widget-container\">\n\t\t\t\t\t<h2 class=\"elementor-heading-title elementor-size-default\">Conhe\u00e7a a CEP TELECOM<\/h2>\t\t\t\t<\/div>\n\t\t\t\t<\/div>\n\t\t\t\t<div class=\"elementor-element elementor-element-192062c elementor-widget elementor-widget-text-editor\" data-id=\"192062c\" data-element_type=\"widget\" data-widget_type=\"text-editor.default\">\n\t\t\t\t<div class=\"elementor-widget-container\">\n\t\t\t\t\t\t\t\t\t<p>Com mais de 20 anos de experi\u00eancia, a <strong>CEPTELECOM<\/strong> nasceu com o compromisso de fornecer servi\u00e7os de telecomunica\u00e7\u00f5es de alta qualidade ao mercado corporativo. Inicialmente, nosso foco era a manuten\u00e7\u00e3o preventiva e corretiva de sistemas de transmiss\u00e3o de voz. No entanto, ao longo dos anos, evolu\u00edmos junto com o mercado, expandindo nosso portf\u00f3lio e ajustando nossa miss\u00e3o.<\/p><p>Hoje, nos orgulhamos de ser um fornecedor especializado em distribui\u00e7\u00e3o de solu\u00e7\u00f5es completas em telecomunica\u00e7\u00f5es, hardware, software e infraestrutura de inform\u00e1tica. Nossa expertise, adquirida ao longo de duas d\u00e9cadas de atua\u00e7\u00e3o, somada ao constante investimento em treinamento e qualifica\u00e7\u00e3o de nossa equipe, nos posiciona como um parceiro estrat\u00e9gico para empresas que buscam inova\u00e7\u00e3o e efici\u00eancia.<\/p><p>Contamos com uma rede s\u00f3lida de parceiros e fabricantes renomados, oferecendo solu\u00e7\u00f5es em comunica\u00e7\u00e3o IP, seguran\u00e7a e TI que atendem \u00e0s necessidades mais complexas do mercado corporativo. A confian\u00e7a e a seriedade que cultivamos ao longo da nossa trajet\u00f3ria s\u00e3o os pilares que sustentam nosso sucesso e impulsionam nosso crescimento constante.<\/p><p>Na <strong>CEPTELECOM<\/strong>, acreditamos que \u00e9tica, conhecimento e especializa\u00e7\u00e3o s\u00e3o fundamentais para construir um futuro s\u00f3lido. Por isso, continuamos a investir em nossa equipe e em nossas opera\u00e7\u00f5es, garantindo que estamos sempre prontos para oferecer as melhores solu\u00e7\u00f5es e servi\u00e7os aos nossos clientes.<\/p>\t\t\t\t\t\t\t\t<\/div>\n\t\t\t\t<\/div>\n\t\t\t\t<\/div>\n\t\t<div class=\"elementor-element elementor-element-f7089c0 e-con-full e-flex e-con e-child\" data-id=\"f7089c0\" data-element_type=\"container\">\n\t\t\t\t<div class=\"elementor-element elementor-element-98518c7 elementor-widget elementor-widget-image\" data-id=\"98518c7\" data-element_type=\"widget\" data-widget_type=\"image.default\">\n\t\t\t\t<div class=\"elementor-widget-container\">\n\t\t\t\t\t\t\t\t\t\t\t\t\t\t\t<img fetchpriority=\"high\" decoding=\"async\" width=\"500\" height=\"600\" src=\"https:\/\/ceptelecom.com.br\/wp-content\/uploads\/2024\/10\/CEP_Sede-500-x-600-px-1.png\" class=\"attachment-full size-full wp-image-258\" alt=\"\" srcset=\"https:\/\/ceptelecom.com.br\/wp-content\/uploads\/2024\/10\/CEP_Sede-500-x-600-px-1.png 500w, https:\/\/ceptelecom.com.br\/wp-content\/uploads\/2024\/10\/CEP_Sede-500-x-600-px-1-250x300.png 250w\" sizes=\"(max-width: 500px) 100vw, 500px\" \/>\t\t\t\t\t\t\t\t\t\t\t\t\t\t\t<\/div>\n\t\t\t\t<\/div>\n\t\t\t\t<\/div>\n\t\t\t\t<\/div>\n\t\t\t\t<\/div>\n\t\t","protected":false},"excerpt":{"rendered":"<p>Quem Somos Conhe\u00e7a a CEP TELECOM Com mais de 20 anos de experi\u00eancia, a CEPTELECOM nasceu com o compromisso de fornecer servi\u00e7os de telecomunica\u00e7\u00f5es de alta qualidade ao mercado corporativo. Inicialmente, nosso foco era a manuten\u00e7\u00e3o preventiva e corretiva de sistemas de transmiss\u00e3o de voz. No entanto, ao longo dos anos, evolu\u00edmos junto com o [&hellip;]<\/p>\n","protected":false},"author":1,"featured_media":0,"parent":0,"menu_order":0,"comment_status":"closed","ping_status":"closed","template":"elementor_header_footer","meta":{"footnotes":""},"class_list":["post-16","page","type-page","status-publish","hentry"],"yoast_head":"<!-- This site is optimized with the Yoast SEO plugin v27.0 - https:\/\/yoast.com\/product\/yoast-seo-wordpress\/ -->\n<title>Quem somos - Wordpress<\/title>\n<meta name=\"robots\" content=\"index, follow, max-snippet:-1, max-image-preview:large, max-video-preview:-1\" \/>\n<link rel=\"canonical\" href=\"https:\/\/ceptelecom.com.br\/index.php\/quem-somos\/\" \/>\n<meta property=\"og:locale\" content=\"en_US\" \/>\n<meta property=\"og:type\" content=\"article\" \/>\n<meta property=\"og:title\" content=\"Quem somos - Wordpress\" \/>\n<meta property=\"og:description\" content=\"Quem Somos Conhe\u00e7a a CEP TELECOM Com mais de 20 anos de experi\u00eancia, a CEPTELECOM nasceu com o compromisso de fornecer servi\u00e7os de telecomunica\u00e7\u00f5es de alta qualidade ao mercado corporativo. Inicialmente, nosso foco era a manuten\u00e7\u00e3o preventiva e corretiva de sistemas de transmiss\u00e3o de voz. No entanto, ao longo dos anos, evolu\u00edmos junto com o [&hellip;]\" \/>\n<meta property=\"og:url\" content=\"https:\/\/ceptelecom.com.br\/index.php\/quem-somos\/\" \/>\n<meta property=\"og:site_name\" content=\"Wordpress\" \/>\n<meta property=\"article:modified_time\" content=\"2024-10-26T21:51:04+00:00\" \/>\n<meta property=\"og:image\" content=\"https:\/\/ceptelecom.com.br\/wp-content\/uploads\/2024\/10\/CEP_Sede-500-x-600-px-1.png\" \/>\n<meta name=\"twitter:card\" content=\"summary_large_image\" \/>\n<meta name=\"twitter:label1\" content=\"Est. reading time\" \/>\n\t<meta name=\"twitter:data1\" content=\"2 minutes\" \/>\n<script type=\"application\/ld+json\" class=\"yoast-schema-graph\">{\"@context\":\"https:\/\/schema.org\",\"@graph\":[{\"@type\":\"WebPage\",\"@id\":\"https:\/\/ceptelecom.com.br\/index.php\/quem-somos\/\",\"url\":\"https:\/\/ceptelecom.com.br\/index.php\/quem-somos\/\",\"name\":\"Quem somos - Wordpress\",\"isPartOf\":{\"@id\":\"https:\/\/ceptelecom.com.br\/#website\"},\"primaryImageOfPage\":{\"@id\":\"https:\/\/ceptelecom.com.br\/index.php\/quem-somos\/#primaryimage\"},\"image\":{\"@id\":\"https:\/\/ceptelecom.com.br\/index.php\/quem-somos\/#primaryimage\"},\"thumbnailUrl\":\"https:\/\/ceptelecom.com.br\/wp-content\/uploads\/2024\/10\/CEP_Sede-500-x-600-px-1.png\",\"datePublished\":\"2024-10-19T09:04:45+00:00\",\"dateModified\":\"2024-10-26T21:51:04+00:00\",\"breadcrumb\":{\"@id\":\"https:\/\/ceptelecom.com.br\/index.php\/quem-somos\/#breadcrumb\"},\"inLanguage\":\"en-US\",\"potentialAction\":[{\"@type\":\"ReadAction\",\"target\":[\"https:\/\/ceptelecom.com.br\/index.php\/quem-somos\/\"]}]},{\"@type\":\"ImageObject\",\"inLanguage\":\"en-US\",\"@id\":\"https:\/\/ceptelecom.com.br\/index.php\/quem-somos\/#primaryimage\",\"url\":\"https:\/\/ceptelecom.com.br\/wp-content\/uploads\/2024\/10\/CEP_Sede-500-x-600-px-1.png\",\"contentUrl\":\"https:\/\/ceptelecom.com.br\/wp-content\/uploads\/2024\/10\/CEP_Sede-500-x-600-px-1.png\",\"width\":500,\"height\":600},{\"@type\":\"BreadcrumbList\",\"@id\":\"https:\/\/ceptelecom.com.br\/index.php\/quem-somos\/#breadcrumb\",\"itemListElement\":[{\"@type\":\"ListItem\",\"position\":1,\"name\":\"Home\",\"item\":\"https:\/\/ceptelecom.com.br\/\"},{\"@type\":\"ListItem\",\"position\":2,\"name\":\"Quem somos\"}]},{\"@type\":\"WebSite\",\"@id\":\"https:\/\/ceptelecom.com.br\/#website\",\"url\":\"https:\/\/ceptelecom.com.br\/\",\"name\":\"Wordpress\",\"description\":\"\",\"potentialAction\":[{\"@type\":\"SearchAction\",\"target\":{\"@type\":\"EntryPoint\",\"urlTemplate\":\"https:\/\/ceptelecom.com.br\/?s={search_term_string}\"},\"query-input\":{\"@type\":\"PropertyValueSpecification\",\"valueRequired\":true,\"valueName\":\"search_term_string\"}}],\"inLanguage\":\"en-US\"}]}<\/script>\n<!-- \/ Yoast SEO plugin. -->","yoast_head_json":{"title":"Quem somos - Wordpress","robots":{"index":"index","follow":"follow","max-snippet":"max-snippet:-1","max-image-preview":"max-image-preview:large","max-video-preview":"max-video-preview:-1"},"canonical":"https:\/\/ceptelecom.com.br\/index.php\/quem-somos\/","og_locale":"en_US","og_type":"article","og_title":"Quem somos - Wordpress","og_description":"Quem Somos Conhe\u00e7a a CEP TELECOM Com mais de 20 anos de experi\u00eancia, a CEPTELECOM nasceu com o compromisso de fornecer servi\u00e7os de telecomunica\u00e7\u00f5es de alta qualidade ao mercado corporativo. Inicialmente, nosso foco era a manuten\u00e7\u00e3o preventiva e corretiva de sistemas de transmiss\u00e3o de voz. No entanto, ao longo dos anos, evolu\u00edmos junto com o [&hellip;]","og_url":"https:\/\/ceptelecom.com.br\/index.php\/quem-somos\/","og_site_name":"Wordpress","article_modified_time":"2024-10-26T21:51:04+00:00","og_image":[{"url":"https:\/\/ceptelecom.com.br\/wp-content\/uploads\/2024\/10\/CEP_Sede-500-x-600-px-1.png","type":"","width":"","height":""}],"twitter_card":"summary_large_image","twitter_misc":{"Est. reading time":"2 minutes"},"schema":{"@context":"https:\/\/schema.org","@graph":[{"@type":"WebPage","@id":"https:\/\/ceptelecom.com.br\/index.php\/quem-somos\/","url":"https:\/\/ceptelecom.com.br\/index.php\/quem-somos\/","name":"Quem somos - Wordpress","isPartOf":{"@id":"https:\/\/ceptelecom.com.br\/#website"},"primaryImageOfPage":{"@id":"https:\/\/ceptelecom.com.br\/index.php\/quem-somos\/#primaryimage"},"image":{"@id":"https:\/\/ceptelecom.com.br\/index.php\/quem-somos\/#primaryimage"},"thumbnailUrl":"https:\/\/ceptelecom.com.br\/wp-content\/uploads\/2024\/10\/CEP_Sede-500-x-600-px-1.png","datePublished":"2024-10-19T09:04:45+00:00","dateModified":"2024-10-26T21:51:04+00:00","breadcrumb":{"@id":"https:\/\/ceptelecom.com.br\/index.php\/quem-somos\/#breadcrumb"},"inLanguage":"en-US","potentialAction":[{"@type":"ReadAction","target":["https:\/\/ceptelecom.com.br\/index.php\/quem-somos\/"]}]},{"@type":"ImageObject","inLanguage":"en-US","@id":"https:\/\/ceptelecom.com.br\/index.php\/quem-somos\/#primaryimage","url":"https:\/\/ceptelecom.com.br\/wp-content\/uploads\/2024\/10\/CEP_Sede-500-x-600-px-1.png","contentUrl":"https:\/\/ceptelecom.com.br\/wp-content\/uploads\/2024\/10\/CEP_Sede-500-x-600-px-1.png","width":500,"height":600},{"@type":"BreadcrumbList","@id":"https:\/\/ceptelecom.com.br\/index.php\/quem-somos\/#breadcrumb","itemListElement":[{"@type":"ListItem","position":1,"name":"Home","item":"https:\/\/ceptelecom.com.br\/"},{"@type":"ListItem","position":2,"name":"Quem somos"}]},{"@type":"WebSite","@id":"https:\/\/ceptelecom.com.br\/#website","url":"https:\/\/ceptelecom.com.br\/","name":"Wordpress","description":"","potentialAction":[{"@type":"SearchAction","target":{"@type":"EntryPoint","urlTemplate":"https:\/\/ceptelecom.com.br\/?s={search_term_string}"},"query-input":{"@type":"PropertyValueSpecification","valueRequired":true,"valueName":"search_term_string"}}],"inLanguage":"en-US"}]}},"_links":{"self":[{"href":"https:\/\/ceptelecom.com.br\/index.php\/wp-json\/wp\/v2\/pages\/16","targetHints":{"allow":["GET"]}}],"collection":[{"href":"https:\/\/ceptelecom.com.br\/index.php\/wp-json\/wp\/v2\/pages"}],"about":[{"href":"https:\/\/ceptelecom.com.br\/index.php\/wp-json\/wp\/v2\/types\/page"}],"author":[{"embeddable":true,"href":"https:\/\/ceptelecom.com.br\/index.php\/wp-json\/wp\/v2\/users\/1"}],"replies":[{"embeddable":true,"href":"https:\/\/ceptelecom.com.br\/index.php\/wp-json\/wp\/v2\/comments?post=16"}],"version-history":[{"count":49,"href":"https:\/\/ceptelecom.com.br\/index.php\/wp-json\/wp\/v2\/pages\/16\/revisions"}],"predecessor-version":[{"id":573,"href":"https:\/\/ceptelecom.com.br\/index.php\/wp-json\/wp\/v2\/pages\/16\/revisions\/573"}],"wp:attachment":[{"href":"https:\/\/ceptelecom.com.br\/index.php\/wp-json\/wp\/v2\/media?parent=16"}],"curies":[{"name":"wp","href":"https:\/\/api.w.org\/{rel}","templated":true}]}}