{"id":59,"date":"2024-10-19T06:36:22","date_gmt":"2024-10-19T09:36:22","guid":{"rendered":"https:\/\/cep.galand.com.br\/?page_id=59"},"modified":"2024-10-26T19:16:50","modified_gmt":"2024-10-26T22:16:50","slug":"cftv","status":"publish","type":"page","link":"https:\/\/ceptelecom.com.br\/index.php\/cftv\/","title":{"rendered":"CFTV"},"content":{"rendered":"\t\t<div data-elementor-type=\"wp-page\" data-elementor-id=\"59\" class=\"elementor elementor-59\">\n\t\t\t\t<div class=\"elementor-element elementor-element-947b846 e-con-full e-flex e-con e-parent\" data-id=\"947b846\" data-element_type=\"container\" data-settings=\"{&quot;background_background&quot;:&quot;classic&quot;}\">\n\t\t\t\t<div class=\"elementor-element elementor-element-885ac93 elementor-widget elementor-widget-heading\" data-id=\"885ac93\" data-element_type=\"widget\" data-widget_type=\"heading.default\">\n\t\t\t\t<div class=\"elementor-widget-container\">\n\t\t\t\t\t<h2 class=\"elementor-heading-title elementor-size-default\">Prote\u00e7\u00e3o e Controle Total: Invista em um Sistema de CFTV Personalizado<\/h2>\t\t\t\t<\/div>\n\t\t\t\t<\/div>\n\t\t\t\t<\/div>\n\t\t<div class=\"elementor-element elementor-element-655e066 e-con-full e-flex e-con e-parent\" data-id=\"655e066\" data-element_type=\"container\">\n\t\t\t\t<div class=\"elementor-element elementor-element-7f4f134 elementor-widget elementor-widget-text-editor\" data-id=\"7f4f134\" data-element_type=\"widget\" data-widget_type=\"text-editor.default\">\n\t\t\t\t<div class=\"elementor-widget-container\">\n\t\t\t\t\t\t\t\t\t<p>Em um mundo onde a seguran\u00e7a \u00e9 essencial para a prote\u00e7\u00e3o de ativos e pessoas, contar com um sistema de CFTV (Circuito Fechado de TV) eficiente \u00e9 fundamental para qualquer neg\u00f3cio. Nossos servi\u00e7os de CFTV s\u00e3o projetados para atender \u00e0s mais diversas necessidades de seguran\u00e7a, oferecendo solu\u00e7\u00f5es personalizadas que garantem monitoramento cont\u00ednuo e prote\u00e7\u00e3o de alta qualidade para todos os tipos de ambientes.<\/p><h3>O Que Oferecemos<\/h3><ol><li><p><strong>Instala\u00e7\u00e3o de C\u00e2meras e Equipamentos de Alta Tecnologia<\/strong><br \/>Realizamos a instala\u00e7\u00e3o de c\u00e2meras com tecnologia avan\u00e7ada, que proporcionam imagens em alta defini\u00e7\u00e3o, vis\u00e3o noturna e \u00e2ngulos amplos para cobrir as \u00e1reas mais cr\u00edticas do seu estabelecimento. Nossas solu\u00e7\u00f5es incluem desde c\u00e2meras fixas at\u00e9 c\u00e2meras m\u00f3veis e PTZ (pan, tilt, zoom), que oferecem flexibilidade e um monitoramento mais detalhado e eficiente.<\/p><\/li><li><p><strong>Configura\u00e7\u00e3o de Servidores Dedicados e Racks de CFTV<\/strong><br \/>Nossa equipe tamb\u00e9m \u00e9 especializada na configura\u00e7\u00e3o de servidores dedicados e montagem de racks para suportar a infraestrutura de CFTV, garantindo que os dados capturados sejam armazenados de forma segura e estejam sempre dispon\u00edveis para consulta. Com isso, voc\u00ea tem a garantia de um sistema robusto e escal\u00e1vel, preparado para o crescimento e demandas futuras.<\/p><\/li><li><p><strong>Monitoramento Remoto e Solu\u00e7\u00f5es IP<\/strong><br \/>Al\u00e9m da instala\u00e7\u00e3o f\u00edsica, oferecemos a configura\u00e7\u00e3o de sistemas de monitoramento remoto via internet, permitindo que voc\u00ea acompanhe em tempo real todas as imagens capturadas, de qualquer lugar e a qualquer momento, atrav\u00e9s de dispositivos m\u00f3veis ou computadores. Nossa tecnologia IP facilita o acesso e aumenta a efici\u00eancia na supervis\u00e3o, proporcionando maior controle e seguran\u00e7a para o seu neg\u00f3cio.<\/p><\/li><\/ol><h3>Benef\u00edcios de Nossos Servi\u00e7os de CFTV<\/h3><ul><li><strong>Seguran\u00e7a 24\/7<\/strong>: Tenha a tranquilidade de saber que seu patrim\u00f4nio e seus colaboradores est\u00e3o protegidos 24 horas por dia, 7 dias por semana.<\/li><li><strong>Flexibilidade e Personaliza\u00e7\u00e3o<\/strong>: Desenvolvemos projetos sob medida para cada cliente, garantindo que o sistema de CFTV instalado atenda perfeitamente \u00e0s necessidades espec\u00edficas do seu ambiente.<\/li><li><strong>Manuten\u00e7\u00e3o e Suporte T\u00e9cnico<\/strong>: Oferecemos suporte cont\u00ednuo e manuten\u00e7\u00e3o preventiva para garantir que seus sistemas estejam sempre operando com a m\u00e1xima efici\u00eancia e qualidade.<\/li><\/ul><h3>Invista na Seguran\u00e7a da Sua Empresa<\/h3><p>A implementa\u00e7\u00e3o de um sistema de CFTV n\u00e3o \u00e9 apenas uma medida de seguran\u00e7a, mas um investimento estrat\u00e9gico para proteger o seu neg\u00f3cio e garantir a tranquilidade de suas opera\u00e7\u00f5es. Com nossa expertise e tecnologias de ponta, transformamos o monitoramento do seu ambiente em uma experi\u00eancia inteligente, segura e eficiente. N\u00e3o deixe para depois a seguran\u00e7a que voc\u00ea e seu neg\u00f3cio merecem. Entre em contato conosco e saiba como podemos criar a solu\u00e7\u00e3o de CFTV ideal para sua empresa.<\/p>\t\t\t\t\t\t\t\t<\/div>\n\t\t\t\t<\/div>\n\t\t\t\t<\/div>\n\t\t\t\t<\/div>\n\t\t","protected":false},"excerpt":{"rendered":"<p>Prote\u00e7\u00e3o e Controle Total: Invista em um Sistema de CFTV Personalizado Em um mundo onde a seguran\u00e7a \u00e9 essencial para a prote\u00e7\u00e3o de ativos e pessoas, contar com um sistema de CFTV (Circuito Fechado de TV) eficiente \u00e9 fundamental para qualquer neg\u00f3cio. Nossos servi\u00e7os de CFTV s\u00e3o projetados para atender \u00e0s mais diversas necessidades de [&hellip;]<\/p>\n","protected":false},"author":1,"featured_media":0,"parent":0,"menu_order":0,"comment_status":"closed","ping_status":"closed","template":"elementor_header_footer","meta":{"footnotes":""},"class_list":["post-59","page","type-page","status-publish","hentry"],"yoast_head":"<!-- This site is optimized with the Yoast SEO plugin v27.0 - https:\/\/yoast.com\/product\/yoast-seo-wordpress\/ -->\n<title>CFTV - Wordpress<\/title>\n<meta name=\"robots\" content=\"index, follow, max-snippet:-1, max-image-preview:large, max-video-preview:-1\" \/>\n<link rel=\"canonical\" href=\"https:\/\/ceptelecom.com.br\/index.php\/cftv\/\" \/>\n<meta property=\"og:locale\" content=\"en_US\" \/>\n<meta property=\"og:type\" content=\"article\" \/>\n<meta property=\"og:title\" content=\"CFTV - Wordpress\" \/>\n<meta property=\"og:description\" content=\"Prote\u00e7\u00e3o e Controle Total: Invista em um Sistema de CFTV Personalizado Em um mundo onde a seguran\u00e7a \u00e9 essencial para a prote\u00e7\u00e3o de ativos e pessoas, contar com um sistema de CFTV (Circuito Fechado de TV) eficiente \u00e9 fundamental para qualquer neg\u00f3cio. Nossos servi\u00e7os de CFTV s\u00e3o projetados para atender \u00e0s mais diversas necessidades de [&hellip;]\" \/>\n<meta property=\"og:url\" content=\"https:\/\/ceptelecom.com.br\/index.php\/cftv\/\" \/>\n<meta property=\"og:site_name\" content=\"Wordpress\" \/>\n<meta property=\"article:modified_time\" content=\"2024-10-26T22:16:50+00:00\" \/>\n<meta name=\"twitter:card\" content=\"summary_large_image\" \/>\n<meta name=\"twitter:label1\" content=\"Est. reading time\" \/>\n\t<meta name=\"twitter:data1\" content=\"3 minutes\" \/>\n<script type=\"application\/ld+json\" class=\"yoast-schema-graph\">{\"@context\":\"https:\/\/schema.org\",\"@graph\":[{\"@type\":\"WebPage\",\"@id\":\"https:\/\/ceptelecom.com.br\/index.php\/cftv\/\",\"url\":\"https:\/\/ceptelecom.com.br\/index.php\/cftv\/\",\"name\":\"CFTV - Wordpress\",\"isPartOf\":{\"@id\":\"https:\/\/ceptelecom.com.br\/#website\"},\"datePublished\":\"2024-10-19T09:36:22+00:00\",\"dateModified\":\"2024-10-26T22:16:50+00:00\",\"breadcrumb\":{\"@id\":\"https:\/\/ceptelecom.com.br\/index.php\/cftv\/#breadcrumb\"},\"inLanguage\":\"en-US\",\"potentialAction\":[{\"@type\":\"ReadAction\",\"target\":[\"https:\/\/ceptelecom.com.br\/index.php\/cftv\/\"]}]},{\"@type\":\"BreadcrumbList\",\"@id\":\"https:\/\/ceptelecom.com.br\/index.php\/cftv\/#breadcrumb\",\"itemListElement\":[{\"@type\":\"ListItem\",\"position\":1,\"name\":\"Home\",\"item\":\"https:\/\/ceptelecom.com.br\/\"},{\"@type\":\"ListItem\",\"position\":2,\"name\":\"CFTV\"}]},{\"@type\":\"WebSite\",\"@id\":\"https:\/\/ceptelecom.com.br\/#website\",\"url\":\"https:\/\/ceptelecom.com.br\/\",\"name\":\"Wordpress\",\"description\":\"\",\"potentialAction\":[{\"@type\":\"SearchAction\",\"target\":{\"@type\":\"EntryPoint\",\"urlTemplate\":\"https:\/\/ceptelecom.com.br\/?s={search_term_string}\"},\"query-input\":{\"@type\":\"PropertyValueSpecification\",\"valueRequired\":true,\"valueName\":\"search_term_string\"}}],\"inLanguage\":\"en-US\"}]}<\/script>\n<!-- \/ Yoast SEO plugin. -->","yoast_head_json":{"title":"CFTV - Wordpress","robots":{"index":"index","follow":"follow","max-snippet":"max-snippet:-1","max-image-preview":"max-image-preview:large","max-video-preview":"max-video-preview:-1"},"canonical":"https:\/\/ceptelecom.com.br\/index.php\/cftv\/","og_locale":"en_US","og_type":"article","og_title":"CFTV - Wordpress","og_description":"Prote\u00e7\u00e3o e Controle Total: Invista em um Sistema de CFTV Personalizado Em um mundo onde a seguran\u00e7a \u00e9 essencial para a prote\u00e7\u00e3o de ativos e pessoas, contar com um sistema de CFTV (Circuito Fechado de TV) eficiente \u00e9 fundamental para qualquer neg\u00f3cio. Nossos servi\u00e7os de CFTV s\u00e3o projetados para atender \u00e0s mais diversas necessidades de [&hellip;]","og_url":"https:\/\/ceptelecom.com.br\/index.php\/cftv\/","og_site_name":"Wordpress","article_modified_time":"2024-10-26T22:16:50+00:00","twitter_card":"summary_large_image","twitter_misc":{"Est. reading time":"3 minutes"},"schema":{"@context":"https:\/\/schema.org","@graph":[{"@type":"WebPage","@id":"https:\/\/ceptelecom.com.br\/index.php\/cftv\/","url":"https:\/\/ceptelecom.com.br\/index.php\/cftv\/","name":"CFTV - Wordpress","isPartOf":{"@id":"https:\/\/ceptelecom.com.br\/#website"},"datePublished":"2024-10-19T09:36:22+00:00","dateModified":"2024-10-26T22:16:50+00:00","breadcrumb":{"@id":"https:\/\/ceptelecom.com.br\/index.php\/cftv\/#breadcrumb"},"inLanguage":"en-US","potentialAction":[{"@type":"ReadAction","target":["https:\/\/ceptelecom.com.br\/index.php\/cftv\/"]}]},{"@type":"BreadcrumbList","@id":"https:\/\/ceptelecom.com.br\/index.php\/cftv\/#breadcrumb","itemListElement":[{"@type":"ListItem","position":1,"name":"Home","item":"https:\/\/ceptelecom.com.br\/"},{"@type":"ListItem","position":2,"name":"CFTV"}]},{"@type":"WebSite","@id":"https:\/\/ceptelecom.com.br\/#website","url":"https:\/\/ceptelecom.com.br\/","name":"Wordpress","description":"","potentialAction":[{"@type":"SearchAction","target":{"@type":"EntryPoint","urlTemplate":"https:\/\/ceptelecom.com.br\/?s={search_term_string}"},"query-input":{"@type":"PropertyValueSpecification","valueRequired":true,"valueName":"search_term_string"}}],"inLanguage":"en-US"}]}},"_links":{"self":[{"href":"https:\/\/ceptelecom.com.br\/index.php\/wp-json\/wp\/v2\/pages\/59","targetHints":{"allow":["GET"]}}],"collection":[{"href":"https:\/\/ceptelecom.com.br\/index.php\/wp-json\/wp\/v2\/pages"}],"about":[{"href":"https:\/\/ceptelecom.com.br\/index.php\/wp-json\/wp\/v2\/types\/page"}],"author":[{"embeddable":true,"href":"https:\/\/ceptelecom.com.br\/index.php\/wp-json\/wp\/v2\/users\/1"}],"replies":[{"embeddable":true,"href":"https:\/\/ceptelecom.com.br\/index.php\/wp-json\/wp\/v2\/comments?post=59"}],"version-history":[{"count":25,"href":"https:\/\/ceptelecom.com.br\/index.php\/wp-json\/wp\/v2\/pages\/59\/revisions"}],"predecessor-version":[{"id":603,"href":"https:\/\/ceptelecom.com.br\/index.php\/wp-json\/wp\/v2\/pages\/59\/revisions\/603"}],"wp:attachment":[{"href":"https:\/\/ceptelecom.com.br\/index.php\/wp-json\/wp\/v2\/media?parent=59"}],"curies":[{"name":"wp","href":"https:\/\/api.w.org\/{rel}","templated":true}]}}